{"id":260,"date":"2011-10-28T14:03:11","date_gmt":"2011-10-28T12:03:11","guid":{"rendered":"http:\/\/ludetis.lomania.de\/?page_id=8"},"modified":"2025-11-29T12:46:40","modified_gmt":"2025-11-29T11:46:40","slug":"firma","status":"publish","type":"page","link":"https:\/\/ludetis.de\/en\/unternehmen\/firma\/","title":{"rendered":"About us"},"content":{"rendered":"<p>Die <strong>Ludetis<\/strong> UG (haftungsbeschr\u00e4nkt) wurde im Februar 2010 von drei Freunden mit dem Ziel gegr\u00fcndet, ungew\u00f6hnliche Smartphonespiele zu entwickeln.<\/p>\n\n\n\n<p>Direkt mit dem ersten gro\u00dfen Spiel <a href=\"https:\/\/kick-it-out.de\" target=\"_blank\" rel=\"noreferrer noopener\">&#8222;Kick it out!&#8220;<\/a>, dem Multiplayer Online Fu\u00dfball Manager f\u00fcr Smartphones (Android, iOS und WinPhone) der seit dem 27. Mai 2010 verf\u00fcgbar ist, gelang ein gro\u00dfer Wurf und der Erfolg h\u00e4lt bis heute an.<\/p>\n\n\n\n<p>Ebenfalls erfolgreich ist der <a href=\"https:\/\/railroad-manager.com\" target=\"_blank\" rel=\"noreferrer noopener\">&#8222;Railroad Manager&#8220;<\/a>, der als kostenloses Eisenbahn-Aufbauspiel ein erfrischend anderes Prinzip verfolgt als vergleichbare Apps (inzwischen auch f\u00fcr PC auf Steam erh\u00e4ltlich).<\/p>\n\n\n\n<p>Im August 2024 erschien mit <a href=\"https:\/\/i-chatbot-aisylum.com\">&#8222;I, Chatbot: AISYLUM&#8220;<\/a> unser erstes PC-Spiel im Epic Games Store, das auf innovative Weise ein gro\u00dfes Sprachmodell einsetzt &#8211; und zwar auf dem PC des Spielers.<\/p>\n\n\n\n<p>Haupts\u00e4chlich aktiv ist Ludetis jedoch seit einigen Jahren im Bereich Entwicklung und Beratung zu  effizienten IT-L\u00f6sungen. Wir bieten von A wie Architektur bis Z wie Zupport verschiedene Leistungen an. Fragen Sie uns!<\/p>\n\n\n\n<p>Kontakt: jochem.koch[at]ludetis.de<\/p>","protected":false},"excerpt":{"rendered":"<p>Die Ludetis UG (haftungsbeschr\u00e4nkt) wurde im Februar 2010 von drei Freunden mit dem Ziel gegr\u00fcndet, ungew\u00f6hnliche Smartphonespiele zu entwickeln. Direkt mit dem ersten gro\u00dfen Spiel &#8222;Kick it out!&#8220;, dem Multiplayer Online Fu\u00dfball Manager f\u00fcr Smartphones (Android, iOS und WinPhone) der seit dem 27. Mai 2010 verf\u00fcgbar ist, gelang ein gro\u00dfer Wurf und der Erfolg h\u00e4lt &#8230; <a title=\"About us\" class=\"read-more\" href=\"https:\/\/ludetis.de\/en\/unternehmen\/firma\/\" aria-label=\"Read more about \u00dcber uns\">Read more<\/a><\/p>","protected":false},"author":1,"featured_media":0,"parent":748,"menu_order":4,"comment_status":"closed","ping_status":"closed","template":"","meta":{"footnotes":"","_links_to":"","_links_to_target":""},"class_list":["post-260","page","type-page","status-publish"],"_links":{"self":[{"href":"https:\/\/ludetis.de\/en\/wp-json\/wp\/v2\/pages\/260","targetHints":{"allow":["GET"]}}],"collection":[{"href":"https:\/\/ludetis.de\/en\/wp-json\/wp\/v2\/pages"}],"about":[{"href":"https:\/\/ludetis.de\/en\/wp-json\/wp\/v2\/types\/page"}],"author":[{"embeddable":true,"href":"https:\/\/ludetis.de\/en\/wp-json\/wp\/v2\/users\/1"}],"replies":[{"embeddable":true,"href":"https:\/\/ludetis.de\/en\/wp-json\/wp\/v2\/comments?post=260"}],"version-history":[{"count":3,"href":"https:\/\/ludetis.de\/en\/wp-json\/wp\/v2\/pages\/260\/revisions"}],"predecessor-version":[{"id":1214,"href":"https:\/\/ludetis.de\/en\/wp-json\/wp\/v2\/pages\/260\/revisions\/1214"}],"up":[{"embeddable":true,"href":"https:\/\/ludetis.de\/en\/wp-json\/wp\/v2\/pages\/748"}],"wp:attachment":[{"href":"https:\/\/ludetis.de\/en\/wp-json\/wp\/v2\/media?parent=260"}],"curies":[{"name":"wp","href":"https:\/\/api.w.org\/{rel}","templated":true}]}}